{"id":39,"date":"2015-12-04T16:04:14","date_gmt":"2015-12-05T00:04:14","guid":{"rendered":"http:\/\/corebox.com\/?page_id=39"},"modified":"2025-09-19T17:31:28","modified_gmt":"2025-09-20T00:31:28","slug":"contact","status":"publish","type":"page","link":"https:\/\/corebox.com\/es\/contact\/","title":{"rendered":"Punto de Contacto"},"content":{"rendered":"\n<div class=\"wp-block-columns\">\n<div class=\"wp-block-column\" style=\"flex-basis:33.33%\">\n<figure class=\"wp-block-image size-large\"><a href=\"https:\/\/corebox.com\/wp-content\/uploads\/2015\/12\/ContactSub.png\"><img loading=\"lazy\" width=\"358\" height=\"350\" src=\"https:\/\/corebox.com\/wp-content\/uploads\/2015\/12\/ContactSub.png\" alt=\"\" class=\"wp-image-40\" srcset=\"https:\/\/corebox.com\/wp-content\/uploads\/2015\/12\/ContactSub.png 358w, https:\/\/corebox.com\/wp-content\/uploads\/2015\/12\/ContactSub-300x293.png 300w, https:\/\/corebox.com\/wp-content\/uploads\/2015\/12\/ContactSub-149x146.png 149w, https:\/\/corebox.com\/wp-content\/uploads\/2015\/12\/ContactSub-50x50.png 50w, https:\/\/corebox.com\/wp-content\/uploads\/2015\/12\/ContactSub-77x75.png 77w\" sizes=\"(max-width: 358px) 100vw, 358px\" \/><\/a><\/figure>\n<\/div>\n\n\n\n<div class=\"wp-block-column\" style=\"flex-basis:66.66%\">\n<h1>Punto de Contacto<\/h1>\n\n\n\n<h3>Coeur d\u2019Alene, Idaho<\/h3>\n\n\n\n<p>Svante Andersson<br>Tel: 208.762.1376<br>Fax: 208.772.9126<br><a href=\"mailto:svante@corebox.com\">svante@corebox.com<\/a><\/p>\n\n\n\n<h3>Elko, Nevada<\/h3>\n\n\n\n<p><strong>Core Box Service Center<\/strong><br>2180 Pi\u00f1on Road, Elko, NV<\/p>\n\n\n\n<p><strong>Env\u00edo r\u00e1pido disponible los 7 dias de la semana.<\/strong><br>Call: 208.755.0683<\/p>\n\n\n\n<h3>Hermosillo, Mexico<\/h3>\n\n\n\n<p>Gabriel Alvarado Rojas<br><a href=\"mailto:gabriel@corebox.com\">gabriel@corebox.com<\/a><\/p>\n\n\n\n<p>Para mas informaci\u00f3n o si tiene preguntas en general, mande un corr\u00e9o electronico a&nbsp;<a href=\"mailto:info@courproducts.com\">info@coeurproducts.com<\/a><\/p>\n<\/div>\n<\/div>\n","protected":false},"excerpt":{"rendered":"<p>Punto de Contacto Coeur d\u2019Alene, Idaho Svante AnderssonTel: 208.762.1376Fax: 208.772.9126svante@corebox.com Elko, Nevada Core Box Service Center2180 Pi\u00f1on Road, Elko, NV Env\u00edo r\u00e1pido disponible los 7 dias [&hellip;]<\/p>\n","protected":false},"author":1,"featured_media":0,"parent":0,"menu_order":0,"comment_status":"closed","ping_status":"closed","template":"","meta":[],"translation":{"provider":"WPGlobus","version":"3.0.1","language":"es","enabled_languages":["en","es"],"languages":{"en":{"title":true,"content":true,"excerpt":false},"es":{"title":true,"content":true,"excerpt":false}}},"yoast_head":"<!-- This site is optimized with the Yoast SEO plugin v18.4.1 - https:\/\/yoast.com\/wordpress\/plugins\/seo\/ -->\n<title>Core Boxes | Drill Core Boxes | Coeur Products Coeur de Alene<\/title>\n<meta name=\"robots\" content=\"index, follow, max-snippet:-1, max-image-preview:large, max-video-preview:-1\" \/>\n<link rel=\"canonical\" href=\"https:\/\/corebox.com\/contact\/\" \/>\n<meta property=\"og:locale\" content=\"es_ES\" \/>\n<meta property=\"og:type\" content=\"article\" \/>\n<meta property=\"og:title\" content=\"Core Boxes | Drill Core Boxes | Coeur Products Coeur de Alene\" \/>\n<meta property=\"og:url\" content=\"https:\/\/corebox.com\/contact\/\" \/>\n<meta property=\"og:site_name\" content=\"Coeur Products\" \/>\n<meta property=\"article:modified_time\" content=\"2025-09-20T00:31:28+00:00\" \/>\n<meta property=\"og:image\" content=\"https:\/\/corebox.com\/wp-content\/uploads\/2015\/12\/ContactSub.png\" \/>\n<meta name=\"twitter:card\" content=\"summary\" \/>\n<meta name=\"twitter:label1\" content=\"Est. reading time\" \/>\n\t<meta name=\"twitter:data1\" content=\"1 minute\" \/>\n<script type=\"application\/ld+json\" class=\"yoast-schema-graph\">{\"@context\":\"https:\/\/schema.org\",\"@graph\":[{\"@type\":\"Organization\",\"@id\":\"https:\/\/corebox.com\/#organization\",\"name\":\"Coeur Products\",\"url\":\"https:\/\/corebox.com\/\",\"sameAs\":[],\"logo\":{\"@type\":\"ImageObject\",\"@id\":\"https:\/\/corebox.com\/#logo\",\"inLanguage\":\"es-ES\",\"url\":\"https:\/\/corebox.com\/wp-content\/uploads\/2016\/10\/coeur_products_logo.png\",\"contentUrl\":\"https:\/\/corebox.com\/wp-content\/uploads\/2016\/10\/coeur_products_logo.png\",\"width\":227,\"height\":65,\"caption\":\"Coeur Products\"},\"image\":{\"@id\":\"https:\/\/corebox.com\/#logo\"}},{\"@type\":\"WebSite\",\"@id\":\"https:\/\/corebox.com\/#website\",\"url\":\"https:\/\/corebox.com\/\",\"name\":\"Coeur Products\",\"description\":\"Beyond Surface\",\"publisher\":{\"@id\":\"https:\/\/corebox.com\/#organization\"},\"potentialAction\":[{\"@type\":\"SearchAction\",\"target\":{\"@type\":\"EntryPoint\",\"urlTemplate\":\"https:\/\/corebox.com\/?s={search_term_string}\"},\"query-input\":\"required name=search_term_string\"}],\"inLanguage\":\"es-ES\"},{\"@type\":\"ImageObject\",\"@id\":\"https:\/\/corebox.com\/contact\/#primaryimage\",\"inLanguage\":\"es-ES\",\"url\":\"https:\/\/corebox.com\/wp-content\/uploads\/2015\/12\/ContactSub.png\",\"contentUrl\":\"https:\/\/corebox.com\/wp-content\/uploads\/2015\/12\/ContactSub.png\",\"width\":358,\"height\":350,\"caption\":\"The most reliable core boxes on the market.\"},{\"@type\":\"WebPage\",\"@id\":\"https:\/\/corebox.com\/contact\/#webpage\",\"url\":\"https:\/\/corebox.com\/contact\/\",\"name\":\"Core Boxes | Drill Core Boxes | Coeur Products Coeur de Alene\",\"isPartOf\":{\"@id\":\"https:\/\/corebox.com\/#website\"},\"primaryImageOfPage\":{\"@id\":\"https:\/\/corebox.com\/contact\/#primaryimage\"},\"datePublished\":\"2015-12-05T00:04:14+00:00\",\"dateModified\":\"2025-09-20T00:31:28+00:00\",\"description\":\"Contact Coeur Products Coeur d\u2019Alene, ID headquarters or Elko, Nevada shipping center at 208-762-1376. Expedited shipping available 7 days a week.\",\"breadcrumb\":{\"@id\":\"https:\/\/corebox.com\/contact\/#breadcrumb\"},\"inLanguage\":\"es-ES\",\"potentialAction\":[{\"@type\":\"ReadAction\",\"target\":[\"https:\/\/corebox.com\/contact\/\"]}]},{\"@type\":\"BreadcrumbList\",\"@id\":\"https:\/\/corebox.com\/contact\/#breadcrumb\",\"itemListElement\":[{\"@type\":\"ListItem\",\"position\":1,\"name\":\"Home\",\"item\":\"https:\/\/corebox.com\/\"},{\"@type\":\"ListItem\",\"position\":2,\"name\":\"Contact\"}]}]}<\/script>\n<!-- \/ Yoast SEO plugin. -->","yoast_head_json":{"title":"Core Boxes | Drill Core Boxes | Coeur Products Coeur de Alene","robots":{"index":"index","follow":"follow","max-snippet":"max-snippet:-1","max-image-preview":"max-image-preview:large","max-video-preview":"max-video-preview:-1"},"canonical":"https:\/\/corebox.com\/contact\/","og_locale":"es_ES","og_type":"article","og_title":"Core Boxes | Drill Core Boxes | Coeur Products Coeur de Alene","og_url":"https:\/\/corebox.com\/contact\/","og_site_name":"Coeur Products","article_modified_time":"2025-09-20T00:31:28+00:00","og_image":[{"url":"https:\/\/corebox.com\/wp-content\/uploads\/2015\/12\/ContactSub.png"}],"twitter_card":"summary","twitter_misc":{"Est. reading time":"1 minute"},"schema":{"@context":"https:\/\/schema.org","@graph":[{"@type":"Organization","@id":"https:\/\/corebox.com\/#organization","name":"Coeur Products","url":"https:\/\/corebox.com\/","sameAs":[],"logo":{"@type":"ImageObject","@id":"https:\/\/corebox.com\/#logo","inLanguage":"es-ES","url":"https:\/\/corebox.com\/wp-content\/uploads\/2016\/10\/coeur_products_logo.png","contentUrl":"https:\/\/corebox.com\/wp-content\/uploads\/2016\/10\/coeur_products_logo.png","width":227,"height":65,"caption":"Coeur Products"},"image":{"@id":"https:\/\/corebox.com\/#logo"}},{"@type":"WebSite","@id":"https:\/\/corebox.com\/#website","url":"https:\/\/corebox.com\/","name":"Coeur Products","description":"Beyond Surface","publisher":{"@id":"https:\/\/corebox.com\/#organization"},"potentialAction":[{"@type":"SearchAction","target":{"@type":"EntryPoint","urlTemplate":"https:\/\/corebox.com\/?s={search_term_string}"},"query-input":"required name=search_term_string"}],"inLanguage":"es-ES"},{"@type":"ImageObject","@id":"https:\/\/corebox.com\/contact\/#primaryimage","inLanguage":"es-ES","url":"https:\/\/corebox.com\/wp-content\/uploads\/2015\/12\/ContactSub.png","contentUrl":"https:\/\/corebox.com\/wp-content\/uploads\/2015\/12\/ContactSub.png","width":358,"height":350,"caption":"The most reliable core boxes on the market."},{"@type":"WebPage","@id":"https:\/\/corebox.com\/contact\/#webpage","url":"https:\/\/corebox.com\/contact\/","name":"Core Boxes | Drill Core Boxes | Coeur Products Coeur de Alene","isPartOf":{"@id":"https:\/\/corebox.com\/#website"},"primaryImageOfPage":{"@id":"https:\/\/corebox.com\/contact\/#primaryimage"},"datePublished":"2015-12-05T00:04:14+00:00","dateModified":"2025-09-20T00:31:28+00:00","description":"Contact Coeur Products Coeur d\u2019Alene, ID headquarters or Elko, Nevada shipping center at 208-762-1376. Expedited shipping available 7 days a week.","breadcrumb":{"@id":"https:\/\/corebox.com\/contact\/#breadcrumb"},"inLanguage":"es-ES","potentialAction":[{"@type":"ReadAction","target":["https:\/\/corebox.com\/contact\/"]}]},{"@type":"BreadcrumbList","@id":"https:\/\/corebox.com\/contact\/#breadcrumb","itemListElement":[{"@type":"ListItem","position":1,"name":"Home","item":"https:\/\/corebox.com\/"},{"@type":"ListItem","position":2,"name":"Contact"}]}]}},"_links":{"self":[{"href":"https:\/\/corebox.com\/es\/wp-json\/wp\/v2\/pages\/39"}],"collection":[{"href":"https:\/\/corebox.com\/es\/wp-json\/wp\/v2\/pages"}],"about":[{"href":"https:\/\/corebox.com\/es\/wp-json\/wp\/v2\/types\/page"}],"author":[{"embeddable":true,"href":"https:\/\/corebox.com\/es\/wp-json\/wp\/v2\/users\/1"}],"replies":[{"embeddable":true,"href":"https:\/\/corebox.com\/es\/wp-json\/wp\/v2\/comments?post=39"}],"version-history":[{"count":21,"href":"https:\/\/corebox.com\/es\/wp-json\/wp\/v2\/pages\/39\/revisions"}],"predecessor-version":[{"id":317,"href":"https:\/\/corebox.com\/es\/wp-json\/wp\/v2\/pages\/39\/revisions\/317"}],"wp:attachment":[{"href":"https:\/\/corebox.com\/es\/wp-json\/wp\/v2\/media?parent=39"}],"curies":[{"name":"wp","href":"https:\/\/api.w.org\/{rel}","templated":true}]}}