{"id":31,"date":"2015-12-04T15:59:52","date_gmt":"2015-12-04T23:59:52","guid":{"rendered":"http:\/\/corebox.com\/?page_id=31"},"modified":"2025-09-19T17:33:20","modified_gmt":"2025-09-20T00:33:20","slug":"survey-tools","status":"publish","type":"page","link":"https:\/\/corebox.com\/es\/survey-tools\/","title":{"rendered":"Herramientas de medici\u00f3n"},"content":{"rendered":"\n<div class=\"wp-block-columns\">\n<div class=\"wp-block-column\" style=\"flex-basis:33.33%\">\n<figure class=\"wp-block-image size-large\"><a href=\"https:\/\/corebox.com\/wp-content\/uploads\/2015\/12\/SurveySub.png\"><img loading=\"lazy\" width=\"358\" height=\"350\" src=\"https:\/\/corebox.com\/wp-content\/uploads\/2015\/12\/SurveySub.png\" alt=\"\" class=\"wp-image-32\" srcset=\"https:\/\/corebox.com\/wp-content\/uploads\/2015\/12\/SurveySub.png 358w, https:\/\/corebox.com\/wp-content\/uploads\/2015\/12\/SurveySub-300x293.png 300w, https:\/\/corebox.com\/wp-content\/uploads\/2015\/12\/SurveySub-149x146.png 149w, https:\/\/corebox.com\/wp-content\/uploads\/2015\/12\/SurveySub-50x50.png 50w, https:\/\/corebox.com\/wp-content\/uploads\/2015\/12\/SurveySub-77x75.png 77w\" sizes=\"(max-width: 358px) 100vw, 358px\" \/><\/a><\/figure>\n<\/div>\n\n\n\n<div class=\"wp-block-column\" style=\"flex-basis:66.66%\">\n<h1>Herramientas de medici\u00f3n<\/h1>\n\n\n\n<p>Coeur Products ab\u00e1stese herramientas de medici\u00f3n para barrenaci\u00f3n en Estados Unidos y M\u00e9xico. Tenemos disponibles varias dispositivos para la medici\u00f3n de sus barrenos que incorporan la m\u00e1s alta tecnolog\u00eda y programas de software confiables para la medici\u00f3n en todo tipo de \u00e1ngulos en los barrenos en la miner\u00eda, exploraci\u00f3n, construcci\u00f3n y petr\u00f3leo, con medidas confiables que van&nbsp;<em><strong>m\u00e1s all\u00e1 de la superficie<\/strong><\/em>.<\/p>\n\n\n\n<p>Dispositivos o herramientas para medici\u00f3n disponibles:<\/p>\n\n\n\n<ul><li>Instrumentos de medici\u00f3n de un solo tiro, magn\u00e9ticos (single shot)<\/li><li>Instrumentos de medici\u00f3n de tiros m\u00faltiples, magnetico (multi shot)<\/li><\/ul>\n<\/div>\n<\/div>\n","protected":false},"excerpt":{"rendered":"<p>Herramientas de medici\u00f3n Coeur Products ab\u00e1stese herramientas de medici\u00f3n para barrenaci\u00f3n en Estados Unidos y M\u00e9xico. Tenemos disponibles varias dispositivos para la medici\u00f3n de sus barrenos [&hellip;]<\/p>\n","protected":false},"author":1,"featured_media":0,"parent":0,"menu_order":0,"comment_status":"closed","ping_status":"closed","template":"","meta":[],"translation":{"provider":"WPGlobus","version":"3.0.1","language":"es","enabled_languages":["en","es"],"languages":{"en":{"title":true,"content":true,"excerpt":false},"es":{"title":true,"content":true,"excerpt":false}}},"yoast_head":"<!-- This site is optimized with the Yoast SEO plugin v18.4.1 - https:\/\/yoast.com\/wordpress\/plugins\/seo\/ -->\n<title>Core Boxes | Surveying Instruments | Coeur Products<\/title>\n<meta name=\"robots\" content=\"index, follow, max-snippet:-1, max-image-preview:large, max-video-preview:-1\" \/>\n<link rel=\"canonical\" href=\"https:\/\/corebox.com\/survey-tools\/\" \/>\n<meta property=\"og:locale\" content=\"es_ES\" \/>\n<meta property=\"og:type\" content=\"article\" \/>\n<meta property=\"og:title\" content=\"Core Boxes | Surveying Instruments | Coeur Products\" \/>\n<meta property=\"og:url\" content=\"https:\/\/corebox.com\/survey-tools\/\" \/>\n<meta property=\"og:site_name\" content=\"Coeur Products\" \/>\n<meta property=\"article:modified_time\" content=\"2025-09-20T00:33:20+00:00\" \/>\n<meta property=\"og:image\" content=\"https:\/\/corebox.com\/wp-content\/uploads\/2015\/12\/SurveySub.png\" \/>\n<meta name=\"twitter:card\" content=\"summary\" \/>\n<meta name=\"twitter:label1\" content=\"Est. reading time\" \/>\n\t<meta name=\"twitter:data1\" content=\"1 minute\" \/>\n<script type=\"application\/ld+json\" class=\"yoast-schema-graph\">{\"@context\":\"https:\/\/schema.org\",\"@graph\":[{\"@type\":\"Organization\",\"@id\":\"https:\/\/corebox.com\/#organization\",\"name\":\"Coeur Products\",\"url\":\"https:\/\/corebox.com\/\",\"sameAs\":[],\"logo\":{\"@type\":\"ImageObject\",\"@id\":\"https:\/\/corebox.com\/#logo\",\"inLanguage\":\"es-ES\",\"url\":\"https:\/\/corebox.com\/wp-content\/uploads\/2016\/10\/coeur_products_logo.png\",\"contentUrl\":\"https:\/\/corebox.com\/wp-content\/uploads\/2016\/10\/coeur_products_logo.png\",\"width\":227,\"height\":65,\"caption\":\"Coeur Products\"},\"image\":{\"@id\":\"https:\/\/corebox.com\/#logo\"}},{\"@type\":\"WebSite\",\"@id\":\"https:\/\/corebox.com\/#website\",\"url\":\"https:\/\/corebox.com\/\",\"name\":\"Coeur Products\",\"description\":\"Beyond Surface\",\"publisher\":{\"@id\":\"https:\/\/corebox.com\/#organization\"},\"potentialAction\":[{\"@type\":\"SearchAction\",\"target\":{\"@type\":\"EntryPoint\",\"urlTemplate\":\"https:\/\/corebox.com\/?s={search_term_string}\"},\"query-input\":\"required name=search_term_string\"}],\"inLanguage\":\"es-ES\"},{\"@type\":\"ImageObject\",\"@id\":\"https:\/\/corebox.com\/survey-tools\/#primaryimage\",\"inLanguage\":\"es-ES\",\"url\":\"https:\/\/corebox.com\/wp-content\/uploads\/2015\/12\/SurveySub.png\",\"contentUrl\":\"https:\/\/corebox.com\/wp-content\/uploads\/2015\/12\/SurveySub.png\",\"width\":358,\"height\":350},{\"@type\":\"WebPage\",\"@id\":\"https:\/\/corebox.com\/survey-tools\/#webpage\",\"url\":\"https:\/\/corebox.com\/survey-tools\/\",\"name\":\"Core Boxes | Surveying Instruments | Coeur Products\",\"isPartOf\":{\"@id\":\"https:\/\/corebox.com\/#website\"},\"primaryImageOfPage\":{\"@id\":\"https:\/\/corebox.com\/survey-tools\/#primaryimage\"},\"datePublished\":\"2015-12-04T23:59:52+00:00\",\"dateModified\":\"2025-09-20T00:33:20+00:00\",\"description\":\"Coeur Products supplies drill hole survey instruments for accurate and all-angle surveys in the mining, exploration, construction, and oil industries.\",\"breadcrumb\":{\"@id\":\"https:\/\/corebox.com\/survey-tools\/#breadcrumb\"},\"inLanguage\":\"es-ES\",\"potentialAction\":[{\"@type\":\"ReadAction\",\"target\":[\"https:\/\/corebox.com\/survey-tools\/\"]}]},{\"@type\":\"BreadcrumbList\",\"@id\":\"https:\/\/corebox.com\/survey-tools\/#breadcrumb\",\"itemListElement\":[{\"@type\":\"ListItem\",\"position\":1,\"name\":\"Home\",\"item\":\"https:\/\/corebox.com\/\"},{\"@type\":\"ListItem\",\"position\":2,\"name\":\"Survey Tools\"}]}]}<\/script>\n<!-- \/ Yoast SEO plugin. -->","yoast_head_json":{"title":"Core Boxes | Surveying Instruments | Coeur Products","robots":{"index":"index","follow":"follow","max-snippet":"max-snippet:-1","max-image-preview":"max-image-preview:large","max-video-preview":"max-video-preview:-1"},"canonical":"https:\/\/corebox.com\/survey-tools\/","og_locale":"es_ES","og_type":"article","og_title":"Core Boxes | Surveying Instruments | Coeur Products","og_url":"https:\/\/corebox.com\/survey-tools\/","og_site_name":"Coeur Products","article_modified_time":"2025-09-20T00:33:20+00:00","og_image":[{"url":"https:\/\/corebox.com\/wp-content\/uploads\/2015\/12\/SurveySub.png"}],"twitter_card":"summary","twitter_misc":{"Est. reading time":"1 minute"},"schema":{"@context":"https:\/\/schema.org","@graph":[{"@type":"Organization","@id":"https:\/\/corebox.com\/#organization","name":"Coeur Products","url":"https:\/\/corebox.com\/","sameAs":[],"logo":{"@type":"ImageObject","@id":"https:\/\/corebox.com\/#logo","inLanguage":"es-ES","url":"https:\/\/corebox.com\/wp-content\/uploads\/2016\/10\/coeur_products_logo.png","contentUrl":"https:\/\/corebox.com\/wp-content\/uploads\/2016\/10\/coeur_products_logo.png","width":227,"height":65,"caption":"Coeur Products"},"image":{"@id":"https:\/\/corebox.com\/#logo"}},{"@type":"WebSite","@id":"https:\/\/corebox.com\/#website","url":"https:\/\/corebox.com\/","name":"Coeur Products","description":"Beyond Surface","publisher":{"@id":"https:\/\/corebox.com\/#organization"},"potentialAction":[{"@type":"SearchAction","target":{"@type":"EntryPoint","urlTemplate":"https:\/\/corebox.com\/?s={search_term_string}"},"query-input":"required name=search_term_string"}],"inLanguage":"es-ES"},{"@type":"ImageObject","@id":"https:\/\/corebox.com\/survey-tools\/#primaryimage","inLanguage":"es-ES","url":"https:\/\/corebox.com\/wp-content\/uploads\/2015\/12\/SurveySub.png","contentUrl":"https:\/\/corebox.com\/wp-content\/uploads\/2015\/12\/SurveySub.png","width":358,"height":350},{"@type":"WebPage","@id":"https:\/\/corebox.com\/survey-tools\/#webpage","url":"https:\/\/corebox.com\/survey-tools\/","name":"Core Boxes | Surveying Instruments | Coeur Products","isPartOf":{"@id":"https:\/\/corebox.com\/#website"},"primaryImageOfPage":{"@id":"https:\/\/corebox.com\/survey-tools\/#primaryimage"},"datePublished":"2015-12-04T23:59:52+00:00","dateModified":"2025-09-20T00:33:20+00:00","description":"Coeur Products supplies drill hole survey instruments for accurate and all-angle surveys in the mining, exploration, construction, and oil industries.","breadcrumb":{"@id":"https:\/\/corebox.com\/survey-tools\/#breadcrumb"},"inLanguage":"es-ES","potentialAction":[{"@type":"ReadAction","target":["https:\/\/corebox.com\/survey-tools\/"]}]},{"@type":"BreadcrumbList","@id":"https:\/\/corebox.com\/survey-tools\/#breadcrumb","itemListElement":[{"@type":"ListItem","position":1,"name":"Home","item":"https:\/\/corebox.com\/"},{"@type":"ListItem","position":2,"name":"Survey Tools"}]}]}},"_links":{"self":[{"href":"https:\/\/corebox.com\/es\/wp-json\/wp\/v2\/pages\/31"}],"collection":[{"href":"https:\/\/corebox.com\/es\/wp-json\/wp\/v2\/pages"}],"about":[{"href":"https:\/\/corebox.com\/es\/wp-json\/wp\/v2\/types\/page"}],"author":[{"embeddable":true,"href":"https:\/\/corebox.com\/es\/wp-json\/wp\/v2\/users\/1"}],"replies":[{"embeddable":true,"href":"https:\/\/corebox.com\/es\/wp-json\/wp\/v2\/comments?post=31"}],"version-history":[{"count":10,"href":"https:\/\/corebox.com\/es\/wp-json\/wp\/v2\/pages\/31\/revisions"}],"predecessor-version":[{"id":320,"href":"https:\/\/corebox.com\/es\/wp-json\/wp\/v2\/pages\/31\/revisions\/320"}],"wp:attachment":[{"href":"https:\/\/corebox.com\/es\/wp-json\/wp\/v2\/media?parent=31"}],"curies":[{"name":"wp","href":"https:\/\/api.w.org\/{rel}","templated":true}]}}