{"id":21,"date":"2020-12-04T13:00:26","date_gmt":"2020-12-04T21:00:26","guid":{"rendered":"http:\/\/corebox.com\/?page_id=21"},"modified":"2025-09-19T13:53:49","modified_gmt":"2025-09-19T20:53:49","slug":"the-termite","status":"publish","type":"page","link":"https:\/\/corebox.com\/es\/the-termite\/","title":{"rendered":"La Termita"},"content":{"rendered":"<p><div class=\"column two-fifth\"><img loading=\"lazy\" class=\"alignnone\" src=\"http:\/\/corebox.com\/wp-content\/uploads\/2015\/12\/TheTermiteSub2.png\" alt=\"\" width=\"358\" height=\"350\" \/><br \/>\n<img loading=\"lazy\" class=\"alignnone\" src=\"http:\/\/corebox.com\/wp-content\/uploads\/2015\/12\/TheTermiteSub.png\" alt=\"\" width=\"358\" height=\"350\" \/><\/div>\n<div class=\"column three-fifth\"><\/p>\n<h1>La Termita<\/h1>\n<h4><a href=\"#description\">Descripci\u00f3n\/Construcci\u00f3n<\/a> | <a href=\"#controlpanel\">Funciones del Panel de Control<\/a> | <a href=\"#technical\">Especificaciones T\u00e9cnicas<\/a><\/h4>\n<p>Dise\u00f1ada por Ingenieros Suecos, La m\u00e1quina de perforaci\u00f3n a diamante Termita es una m\u00e1quina hidr\u00e1ulica, portable, modular y de poco peso ideal para barrenos de exploraci\u00f3n poco profundos. Muy \u00fatil en la definici\u00f3n de cuerpos minerales, barrenos de servicio y para inyecci\u00f3n o cementaci\u00f3n de roca. La Termita tiene un dise\u00f1o sencillo y funcional con pocas partes de reemplazo, haci\u00e9ndola una de las m\u00e1quinas de perforaci\u00f3n a diamante m\u00e1s confiables que existen en el mercado actualmente.<\/p>\n<p>La m\u00e1quina Termita tiene componentes hidr\u00e1ulicos modernos, una caracter\u00edstica es que est\u00e1 equipada con una unidad de rotaci\u00f3n impulsada por una banda dentada de alta duraci\u00f3n, sin necesidad de cajas con engranes. La Temita es una m\u00e1quina segura y confiable y es la opci\u00f3n m\u00e1s \u00f3ptima para barrenaci\u00f3n a diamante en barrenos de 100 metros de profundidad. Los sistemas de perforaci\u00f3n que usa son: AQTK, AW34, TT46.<\/p>\n<p>El peso total de La m\u00e1quina Termita y es de solo 160 kg (350 lbs.), siendo f\u00e1cil de mover de un lugar a otro.<\/p>\n<p>Ventajas:<\/p>\n<ul>\n<li>Bajo costo.<\/li>\n<li>Pocas partes de reemplazo.<\/li>\n<li>Dise\u00f1o sencillo que facilita su mantenimiento.<\/li>\n<li>Muy f\u00e1cil de operar.<\/li>\n<\/ul>\n<p>La m\u00e1quina Termita puede conectarse a diversas tomas de fuerza tales como:<\/p>\n<ul>\n<li>Toma de fuerza PTO en tractores agr\u00edcolas.<\/li>\n<li>Motores a diesel o gasolina.<\/li>\n<li>El\u00e9ctricas.<\/li>\n<\/ul>\n<h2 id=\"description\">Descripci\u00f3n \/ Construcci\u00f3n<\/h2>\n<p><img loading=\"lazy\" class=\"alignleft\" src=\"http:\/\/corebox.com\/wp-content\/uploads\/2015\/12\/Termite_1_description.jpg\" alt=\"Termite Description\" width=\"279\" height=\"373\" \/><\/p>\n<p>El bastidor esta b\u00e1sicamente construido de dos tubos rectangulares que sostienen a dos cilindros de alimentaci\u00f3n hidr\u00e1ulicos (1). Estos cilindros est\u00e1n conectados en ambos extremos a dos placas, una frontal que tambi\u00e9n est\u00e1 dise\u00f1ada para colocar las mordazas para sacar-meter tuber\u00eda (5). Y dos tornillo de apoyo frontal (6) El tubo de montaje (7) para el apoyo de las patas traseras unido a la placa trasera.<\/p>\n<p>El chuck, el husillo (4) y el motor hidr\u00e1ulico (3) est\u00e1n montados sobre la placa deslizable que se abre hacia a un lado. Tambi\u00e9n en la parte trasera de la placa deslizable esta la mordaza para sacar-meter tuber\u00eda (9) El movimiento de rotaci\u00f3n transmitido del motor hacia el chuck es por medio de una banda de policarbonato muy resistente y efectiva, silenciosa, de bajo mantenimiento.<\/p>\n<p>La perforadora es operada desde el panel de control (2) El panel de control puede ser desconectado de la perforadora para cambiar de lugar o posici\u00f3n. (10) Una peque\u00f1a bomba hidr\u00e1ulica est\u00e1 montada en la parte trasera del motor de rotaci\u00f3n, esta unidad abastece de fuerza hidr\u00e1ulica para el avance durante la perforaci\u00f3n. La velocidad de perforaci\u00f3n es regulada en la salida de los pistones, debido a esta configuraci\u00f3n, la presi\u00f3n y velocidad de avance no se ve afectada por la presi\u00f3n del sistema; por consiguiente la velocidad de rotaci\u00f3n no cambiar\u00e1 en caso de cortar un hueco o cavernas.<\/p>\n<p>Dos llantas desmontables (8) est\u00e1n montadas en la parte baja del bastidor para su f\u00e1cil traslado. Un soporte (11) para apoyar la llave al momento de aflojar los tubos y evitar que los pistones sean golpeados.<\/p>\n<h2 id=\"controlpanel\">Funciones del Panel de Control<\/h2>\n<p><img loading=\"lazy\" class=\"alignnone\" src=\"http:\/\/corebox.com\/wp-content\/uploads\/2015\/12\/Termite_2_control_panel_functions.jpg\" alt=\"Funciones del Panel de Control\" width=\"542\" height=\"373\" \/><\/p>\n<ol>\n<li>Man\u00f3metro de presi\u00f3n del sistema.<br \/>\n(m\u00e1xima presi\u00f3n del sistema 180 bar)<\/li>\n<li>Conexi\u00f3n de presi\u00f3n de la unidad de potencia<\/li>\n<li>V\u00e1lvula de alivio de la presi\u00f3n del sistema.<\/li>\n<li>Palanca de rotaci\u00f3n \u2013solo rotaci\u00f3n hacia la derecha.<\/li>\n<li>Palanca para mover la tuber\u00eda \u2013hacia atr\u00e1s y hacia delante.<\/li>\n<li>Man\u00f3metro de presi\u00f3n de avance.<\/li>\n<li>Conexi\u00f3n de retorno del aceite hacia la unidad de potencia.<\/li>\n<li>Perilla de ajuste para la velocidad del avance.<\/li>\n<li>Perilla de ajuste para la presi\u00f3n del avance.<\/li>\n<li>Manguera de retorno desde el motor de rotaci\u00f3n.<\/li>\n<li>Manguera de presi\u00f3n desde la bomba de alimentaci\u00f3n.<\/li>\n<li>Manguera hacia el block de cilindros para el avance, conexi\u00f3n superior.<\/li>\n<li>Manguera de presi\u00f3n hacia el motor de rotaci\u00f3n.<\/li>\n<li>Manguera hacia el block de los pistones de avance, conexi\u00f3n inferior.<\/li>\n<\/ol>\n<p>La velocidad de avance (para perforar) solo funciona cuando la rotaci\u00f3n es activada. Para fijar la presi\u00f3n de avance con la que se desea perforar la v\u00e1lvula o perilla \u00a38 debe estar cerrada, ahora con la presi\u00f3n que se desee perforar ser\u00e1 fijada ajustando la v\u00e1lvula o perilla \u00a39. 100 bares de presi\u00f3n equivalen aproximadamente 220 libras de fuerza de avance.<\/p>\n<p>Con la perilla \u00a38 ahora la presi\u00f3n podr\u00e1 ser ajustada. La lectura de la presi\u00f3n en el man\u00f3metro \u00a36 cambiar\u00e1 mientras se perfora, dependiendo de la velocidad de avance que se estableci\u00f3 con la perilla \u00a38. Cuando la presi\u00f3n en el man\u00f3metro #6 baje hasta cero mientras se perfora, es se\u00f1al de que se el avance est\u00e1 trabajando a m\u00e1xima presi\u00f3n.<\/p>\n<h2 id=\"technical\">Especificaciones T\u00e9cnicas<\/h2>\n<table border=\"1\" width=\"542\" cellspacing=\"0\" cellpadding=\"1\">\n<tbody>\n<tr>\n<th colspan=\"3\">@ 50 litros \/ minuto, 180 bar<\/th>\n<\/tr>\n<tr>\n<td width=\"231\">M\u00e1xima\u00a0fuerza de avance<\/td>\n<td width=\"132\">20 kN<\/td>\n<td width=\"165\">Approx. 4400 libras<\/td>\n<\/tr>\n<tr>\n<td>M\u00e1xima\u00a0fuerza de tiro<\/td>\n<td>18 kN<\/td>\n<td>Approx. 4000 libras<\/td>\n<\/tr>\n<tr>\n<td>Revoluciones<\/td>\n<td>1450 rpm<\/td>\n<td><\/td>\n<\/tr>\n<tr>\n<td>Velocidad para meter-sacar tubos<\/td>\n<td>1.7 m\/seg<\/td>\n<td>Approx. 4.6 pies \/ seg<\/td>\n<\/tr>\n<tr>\n<td>M\u00e1xima\u00a0velocidad de avance<\/td>\n<td>1.3 m\/min<\/td>\n<td>Approx. 3.3 pies \/ min<\/td>\n<\/tr>\n<tr>\n<td>Carrera del pist\u00f3n<\/td>\n<td>0.5 m<\/td>\n<td>Approx. 20 pulgadas<\/td>\n<\/tr>\n<tr>\n<td>Potencia<\/td>\n<td>15 kW<\/td>\n<td>Approx. 20 H.P.<\/td>\n<\/tr>\n<\/tbody>\n<\/table>\n<p><\/div>\n<\/p>\n","protected":false},"excerpt":{"rendered":"","protected":false},"author":1,"featured_media":0,"parent":0,"menu_order":0,"comment_status":"closed","ping_status":"closed","template":"","meta":[],"translation":{"provider":"WPGlobus","version":"3.0.1","language":"es","enabled_languages":["en","es"],"languages":{"en":{"title":true,"content":true,"excerpt":false},"es":{"title":true,"content":true,"excerpt":false}}},"yoast_head":"<!-- This site is optimized with the Yoast SEO plugin v18.4.1 - https:\/\/yoast.com\/wordpress\/plugins\/seo\/ -->\n<title>Core Boxes | Termite Drill Bits | Hydraulic Core Drill Box | Coeur Products<\/title>\n<meta name=\"robots\" content=\"index, follow, max-snippet:-1, max-image-preview:large, max-video-preview:-1\" \/>\n<link rel=\"canonical\" href=\"https:\/\/corebox.com\/the-termite\/\" \/>\n<meta property=\"og:locale\" content=\"es_ES\" \/>\n<meta property=\"og:type\" content=\"article\" \/>\n<meta property=\"og:title\" content=\"Core Boxes | Termite Drill Bits | Hydraulic Core Drill Box | Coeur Products\" \/>\n<meta property=\"og:url\" content=\"https:\/\/corebox.com\/the-termite\/\" \/>\n<meta property=\"og:site_name\" content=\"Coeur Products\" \/>\n<meta property=\"article:modified_time\" content=\"2025-09-19T20:53:49+00:00\" \/>\n<meta property=\"og:image\" content=\"http:\/\/corebox.com\/wp-content\/uploads\/2015\/12\/TheTermiteSub2.png\" \/>\n<meta name=\"twitter:card\" content=\"summary\" \/>\n<meta name=\"twitter:label1\" content=\"Est. reading time\" \/>\n\t<meta name=\"twitter:data1\" content=\"5 minutes\" \/>\n<script type=\"application\/ld+json\" class=\"yoast-schema-graph\">{\"@context\":\"https:\/\/schema.org\",\"@graph\":[{\"@type\":\"Organization\",\"@id\":\"https:\/\/corebox.com\/#organization\",\"name\":\"Coeur Products\",\"url\":\"https:\/\/corebox.com\/\",\"sameAs\":[],\"logo\":{\"@type\":\"ImageObject\",\"@id\":\"https:\/\/corebox.com\/#logo\",\"inLanguage\":\"es-ES\",\"url\":\"https:\/\/corebox.com\/wp-content\/uploads\/2016\/10\/coeur_products_logo.png\",\"contentUrl\":\"https:\/\/corebox.com\/wp-content\/uploads\/2016\/10\/coeur_products_logo.png\",\"width\":227,\"height\":65,\"caption\":\"Coeur Products\"},\"image\":{\"@id\":\"https:\/\/corebox.com\/#logo\"}},{\"@type\":\"WebSite\",\"@id\":\"https:\/\/corebox.com\/#website\",\"url\":\"https:\/\/corebox.com\/\",\"name\":\"Coeur Products\",\"description\":\"Beyond Surface\",\"publisher\":{\"@id\":\"https:\/\/corebox.com\/#organization\"},\"potentialAction\":[{\"@type\":\"SearchAction\",\"target\":{\"@type\":\"EntryPoint\",\"urlTemplate\":\"https:\/\/corebox.com\/?s={search_term_string}\"},\"query-input\":\"required name=search_term_string\"}],\"inLanguage\":\"es-ES\"},{\"@type\":\"ImageObject\",\"@id\":\"https:\/\/corebox.com\/the-termite\/#primaryimage\",\"inLanguage\":\"es-ES\",\"url\":\"http:\/\/corebox.com\/wp-content\/uploads\/2015\/12\/TheTermiteSub2.png\",\"contentUrl\":\"http:\/\/corebox.com\/wp-content\/uploads\/2015\/12\/TheTermiteSub2.png\"},{\"@type\":\"WebPage\",\"@id\":\"https:\/\/corebox.com\/the-termite\/#webpage\",\"url\":\"https:\/\/corebox.com\/the-termite\/\",\"name\":\"Core Boxes | Termite Drill Bits | Hydraulic Core Drill Box | Coeur Products\",\"isPartOf\":{\"@id\":\"https:\/\/corebox.com\/#website\"},\"primaryImageOfPage\":{\"@id\":\"https:\/\/corebox.com\/the-termite\/#primaryimage\"},\"datePublished\":\"2020-12-04T21:00:26+00:00\",\"dateModified\":\"2025-09-19T20:53:49+00:00\",\"description\":\"Coeur Products manufactures, sells and services the smallest, state-of-the-art hydraulic core drill on the market, The Termite.\",\"breadcrumb\":{\"@id\":\"https:\/\/corebox.com\/the-termite\/#breadcrumb\"},\"inLanguage\":\"es-ES\",\"potentialAction\":[{\"@type\":\"ReadAction\",\"target\":[\"https:\/\/corebox.com\/the-termite\/\"]}]},{\"@type\":\"BreadcrumbList\",\"@id\":\"https:\/\/corebox.com\/the-termite\/#breadcrumb\",\"itemListElement\":[{\"@type\":\"ListItem\",\"position\":1,\"name\":\"Home\",\"item\":\"https:\/\/corebox.com\/\"},{\"@type\":\"ListItem\",\"position\":2,\"name\":\"Core Covers\"}]}]}<\/script>\n<!-- \/ Yoast SEO plugin. -->","yoast_head_json":{"title":"Core Boxes | Termite Drill Bits | Hydraulic Core Drill Box | Coeur Products","robots":{"index":"index","follow":"follow","max-snippet":"max-snippet:-1","max-image-preview":"max-image-preview:large","max-video-preview":"max-video-preview:-1"},"canonical":"https:\/\/corebox.com\/the-termite\/","og_locale":"es_ES","og_type":"article","og_title":"Core Boxes | Termite Drill Bits | Hydraulic Core Drill Box | Coeur Products","og_url":"https:\/\/corebox.com\/the-termite\/","og_site_name":"Coeur Products","article_modified_time":"2025-09-19T20:53:49+00:00","og_image":[{"url":"http:\/\/corebox.com\/wp-content\/uploads\/2015\/12\/TheTermiteSub2.png"}],"twitter_card":"summary","twitter_misc":{"Est. reading time":"5 minutes"},"schema":{"@context":"https:\/\/schema.org","@graph":[{"@type":"Organization","@id":"https:\/\/corebox.com\/#organization","name":"Coeur Products","url":"https:\/\/corebox.com\/","sameAs":[],"logo":{"@type":"ImageObject","@id":"https:\/\/corebox.com\/#logo","inLanguage":"es-ES","url":"https:\/\/corebox.com\/wp-content\/uploads\/2016\/10\/coeur_products_logo.png","contentUrl":"https:\/\/corebox.com\/wp-content\/uploads\/2016\/10\/coeur_products_logo.png","width":227,"height":65,"caption":"Coeur Products"},"image":{"@id":"https:\/\/corebox.com\/#logo"}},{"@type":"WebSite","@id":"https:\/\/corebox.com\/#website","url":"https:\/\/corebox.com\/","name":"Coeur Products","description":"Beyond Surface","publisher":{"@id":"https:\/\/corebox.com\/#organization"},"potentialAction":[{"@type":"SearchAction","target":{"@type":"EntryPoint","urlTemplate":"https:\/\/corebox.com\/?s={search_term_string}"},"query-input":"required name=search_term_string"}],"inLanguage":"es-ES"},{"@type":"ImageObject","@id":"https:\/\/corebox.com\/the-termite\/#primaryimage","inLanguage":"es-ES","url":"http:\/\/corebox.com\/wp-content\/uploads\/2015\/12\/TheTermiteSub2.png","contentUrl":"http:\/\/corebox.com\/wp-content\/uploads\/2015\/12\/TheTermiteSub2.png"},{"@type":"WebPage","@id":"https:\/\/corebox.com\/the-termite\/#webpage","url":"https:\/\/corebox.com\/the-termite\/","name":"Core Boxes | Termite Drill Bits | Hydraulic Core Drill Box | Coeur Products","isPartOf":{"@id":"https:\/\/corebox.com\/#website"},"primaryImageOfPage":{"@id":"https:\/\/corebox.com\/the-termite\/#primaryimage"},"datePublished":"2020-12-04T21:00:26+00:00","dateModified":"2025-09-19T20:53:49+00:00","description":"Coeur Products manufactures, sells and services the smallest, state-of-the-art hydraulic core drill on the market, The Termite.","breadcrumb":{"@id":"https:\/\/corebox.com\/the-termite\/#breadcrumb"},"inLanguage":"es-ES","potentialAction":[{"@type":"ReadAction","target":["https:\/\/corebox.com\/the-termite\/"]}]},{"@type":"BreadcrumbList","@id":"https:\/\/corebox.com\/the-termite\/#breadcrumb","itemListElement":[{"@type":"ListItem","position":1,"name":"Home","item":"https:\/\/corebox.com\/"},{"@type":"ListItem","position":2,"name":"Core Covers"}]}]}},"_links":{"self":[{"href":"https:\/\/corebox.com\/es\/wp-json\/wp\/v2\/pages\/21"}],"collection":[{"href":"https:\/\/corebox.com\/es\/wp-json\/wp\/v2\/pages"}],"about":[{"href":"https:\/\/corebox.com\/es\/wp-json\/wp\/v2\/types\/page"}],"author":[{"embeddable":true,"href":"https:\/\/corebox.com\/es\/wp-json\/wp\/v2\/users\/1"}],"replies":[{"embeddable":true,"href":"https:\/\/corebox.com\/es\/wp-json\/wp\/v2\/comments?post=21"}],"version-history":[{"count":20,"href":"https:\/\/corebox.com\/es\/wp-json\/wp\/v2\/pages\/21\/revisions"}],"predecessor-version":[{"id":288,"href":"https:\/\/corebox.com\/es\/wp-json\/wp\/v2\/pages\/21\/revisions\/288"}],"wp:attachment":[{"href":"https:\/\/corebox.com\/es\/wp-json\/wp\/v2\/media?parent=21"}],"curies":[{"name":"wp","href":"https:\/\/api.w.org\/{rel}","templated":true}]}}