{"id":2,"date":"2025-09-19T12:33:12","date_gmt":"2025-09-19T19:33:12","guid":{"rendered":"http:\/\/corebox.com\/?page_id=2"},"modified":"2025-09-19T17:46:41","modified_gmt":"2025-09-20T00:46:41","slug":"sample-page","status":"publish","type":"page","link":"https:\/\/corebox.com\/es\/","title":{"rendered":"Debajo de la Superficie"},"content":{"rendered":"<h1>Debajo de la Superficie<\/h1>\n<p>Con sede en Coeur d&#8217;Alene, Idaho, Coeur Productos es una empresa en expansi\u00f3n que se centra en el servicio al producto. Somos el mayor proveedor de caja de machos de la naci\u00f3n. Adem\u00e1s fabricamos, vendemos y servicio a los m\u00e1s peque\u00f1os taladro hidr\u00e1ulico en el mercado, El Termite.The termitas Core Drill est\u00e1 dise\u00f1ado para su uso en la miner\u00eda de veta angosta. Nuestros productos se basan en dise\u00f1os limpios y simples que llevan a cabo <em><strong>m\u00e1s all\u00e1 de la superficie<\/strong><\/em>.<\/p>\n","protected":false},"excerpt":{"rendered":"<p>Debajo de la Superficie Con sede en Coeur d&#8217;Alene, Idaho, Coeur Productos es una empresa en expansi\u00f3n que se centra en el servicio al producto. Somos [&hellip;]<\/p>\n","protected":false},"author":1,"featured_media":0,"parent":0,"menu_order":0,"comment_status":"closed","ping_status":"closed","template":"","meta":[],"translation":{"provider":"WPGlobus","version":"3.0.1","language":"es","enabled_languages":["en","es"],"languages":{"en":{"title":true,"content":true,"excerpt":false},"es":{"title":true,"content":true,"excerpt":false}}},"yoast_head":"<!-- This site is optimized with the Yoast SEO plugin v18.4.1 - https:\/\/yoast.com\/wordpress\/plugins\/seo\/ -->\n<title>Core Boxes | NQ Core Boxes | Drill Core Boxes | Coeur Products<\/title>\n<meta name=\"robots\" content=\"index, follow, max-snippet:-1, max-image-preview:large, max-video-preview:-1\" \/>\n<link rel=\"canonical\" href=\"https:\/\/corebox.com\/\" \/>\n<meta property=\"og:locale\" content=\"es_ES\" \/>\n<meta property=\"og:type\" content=\"article\" \/>\n<meta property=\"og:title\" content=\"Core Boxes | NQ Core Boxes | Drill Core Boxes | Coeur Products\" \/>\n<meta property=\"og:url\" content=\"https:\/\/corebox.com\/\" \/>\n<meta property=\"og:site_name\" content=\"Coeur Products\" \/>\n<meta property=\"article:modified_time\" content=\"2025-09-20T00:46:41+00:00\" \/>\n<meta name=\"twitter:card\" content=\"summary\" \/>\n<meta name=\"twitter:label1\" content=\"Est. reading time\" \/>\n\t<meta name=\"twitter:data1\" content=\"1 minute\" \/>\n<script type=\"application\/ld+json\" class=\"yoast-schema-graph\">{\"@context\":\"https:\/\/schema.org\",\"@graph\":[{\"@type\":\"Organization\",\"@id\":\"https:\/\/corebox.com\/#organization\",\"name\":\"Coeur Products\",\"url\":\"https:\/\/corebox.com\/\",\"sameAs\":[],\"logo\":{\"@type\":\"ImageObject\",\"@id\":\"https:\/\/corebox.com\/#logo\",\"inLanguage\":\"es-ES\",\"url\":\"https:\/\/corebox.com\/wp-content\/uploads\/2016\/10\/coeur_products_logo.png\",\"contentUrl\":\"https:\/\/corebox.com\/wp-content\/uploads\/2016\/10\/coeur_products_logo.png\",\"width\":227,\"height\":65,\"caption\":\"Coeur Products\"},\"image\":{\"@id\":\"https:\/\/corebox.com\/#logo\"}},{\"@type\":\"WebSite\",\"@id\":\"https:\/\/corebox.com\/#website\",\"url\":\"https:\/\/corebox.com\/\",\"name\":\"Coeur Products\",\"description\":\"Beyond Surface\",\"publisher\":{\"@id\":\"https:\/\/corebox.com\/#organization\"},\"potentialAction\":[{\"@type\":\"SearchAction\",\"target\":{\"@type\":\"EntryPoint\",\"urlTemplate\":\"https:\/\/corebox.com\/?s={search_term_string}\"},\"query-input\":\"required name=search_term_string\"}],\"inLanguage\":\"es-ES\"},{\"@type\":\"WebPage\",\"@id\":\"https:\/\/corebox.com\/#webpage\",\"url\":\"https:\/\/corebox.com\/\",\"name\":\"Core Boxes | NQ Core Boxes | Drill Core Boxes | Coeur Products\",\"isPartOf\":{\"@id\":\"https:\/\/corebox.com\/#website\"},\"datePublished\":\"2025-09-19T19:33:12+00:00\",\"dateModified\":\"2025-09-20T00:46:41+00:00\",\"description\":\"Based in Coeur d\u2019Alene, Idaho, Coeur Products is the largest and most reliable core box supplier in the nation. Core drillers, mines and suppliers trust Coeur Products for durable, wax-impregnated core boxes and core trays.\",\"breadcrumb\":{\"@id\":\"https:\/\/corebox.com\/#breadcrumb\"},\"inLanguage\":\"es-ES\",\"potentialAction\":[{\"@type\":\"ReadAction\",\"target\":[\"https:\/\/corebox.com\/\"]}]},{\"@type\":\"BreadcrumbList\",\"@id\":\"https:\/\/corebox.com\/#breadcrumb\",\"itemListElement\":[{\"@type\":\"ListItem\",\"position\":1,\"name\":\"Home\",\"item\":\"https:\/\/corebox.com\/\"},{\"@type\":\"ListItem\",\"position\":2,\"name\":\"Beyond Surface\"}]}]}<\/script>\n<!-- \/ Yoast SEO plugin. -->","yoast_head_json":{"title":"Core Boxes | NQ Core Boxes | Drill Core Boxes | Coeur Products","robots":{"index":"index","follow":"follow","max-snippet":"max-snippet:-1","max-image-preview":"max-image-preview:large","max-video-preview":"max-video-preview:-1"},"canonical":"https:\/\/corebox.com\/","og_locale":"es_ES","og_type":"article","og_title":"Core Boxes | NQ Core Boxes | Drill Core Boxes | Coeur Products","og_url":"https:\/\/corebox.com\/","og_site_name":"Coeur Products","article_modified_time":"2025-09-20T00:46:41+00:00","twitter_card":"summary","twitter_misc":{"Est. reading time":"1 minute"},"schema":{"@context":"https:\/\/schema.org","@graph":[{"@type":"Organization","@id":"https:\/\/corebox.com\/#organization","name":"Coeur Products","url":"https:\/\/corebox.com\/","sameAs":[],"logo":{"@type":"ImageObject","@id":"https:\/\/corebox.com\/#logo","inLanguage":"es-ES","url":"https:\/\/corebox.com\/wp-content\/uploads\/2016\/10\/coeur_products_logo.png","contentUrl":"https:\/\/corebox.com\/wp-content\/uploads\/2016\/10\/coeur_products_logo.png","width":227,"height":65,"caption":"Coeur Products"},"image":{"@id":"https:\/\/corebox.com\/#logo"}},{"@type":"WebSite","@id":"https:\/\/corebox.com\/#website","url":"https:\/\/corebox.com\/","name":"Coeur Products","description":"Beyond Surface","publisher":{"@id":"https:\/\/corebox.com\/#organization"},"potentialAction":[{"@type":"SearchAction","target":{"@type":"EntryPoint","urlTemplate":"https:\/\/corebox.com\/?s={search_term_string}"},"query-input":"required name=search_term_string"}],"inLanguage":"es-ES"},{"@type":"WebPage","@id":"https:\/\/corebox.com\/#webpage","url":"https:\/\/corebox.com\/","name":"Core Boxes | NQ Core Boxes | Drill Core Boxes | Coeur Products","isPartOf":{"@id":"https:\/\/corebox.com\/#website"},"datePublished":"2025-09-19T19:33:12+00:00","dateModified":"2025-09-20T00:46:41+00:00","description":"Based in Coeur d\u2019Alene, Idaho, Coeur Products is the largest and most reliable core box supplier in the nation. Core drillers, mines and suppliers trust Coeur Products for durable, wax-impregnated core boxes and core trays.","breadcrumb":{"@id":"https:\/\/corebox.com\/#breadcrumb"},"inLanguage":"es-ES","potentialAction":[{"@type":"ReadAction","target":["https:\/\/corebox.com\/"]}]},{"@type":"BreadcrumbList","@id":"https:\/\/corebox.com\/#breadcrumb","itemListElement":[{"@type":"ListItem","position":1,"name":"Home","item":"https:\/\/corebox.com\/"},{"@type":"ListItem","position":2,"name":"Beyond Surface"}]}]}},"_links":{"self":[{"href":"https:\/\/corebox.com\/es\/wp-json\/wp\/v2\/pages\/2"}],"collection":[{"href":"https:\/\/corebox.com\/es\/wp-json\/wp\/v2\/pages"}],"about":[{"href":"https:\/\/corebox.com\/es\/wp-json\/wp\/v2\/types\/page"}],"author":[{"embeddable":true,"href":"https:\/\/corebox.com\/es\/wp-json\/wp\/v2\/users\/1"}],"replies":[{"embeddable":true,"href":"https:\/\/corebox.com\/es\/wp-json\/wp\/v2\/comments?post=2"}],"version-history":[{"count":21,"href":"https:\/\/corebox.com\/es\/wp-json\/wp\/v2\/pages\/2\/revisions"}],"predecessor-version":[{"id":324,"href":"https:\/\/corebox.com\/es\/wp-json\/wp\/v2\/pages\/2\/revisions\/324"}],"wp:attachment":[{"href":"https:\/\/corebox.com\/es\/wp-json\/wp\/v2\/media?parent=2"}],"curies":[{"name":"wp","href":"https:\/\/api.w.org\/{rel}","templated":true}]}}