{"id":192,"date":"2021-03-01T18:17:10","date_gmt":"2021-03-02T02:17:10","guid":{"rendered":"https:\/\/corebox.com\/?page_id=192"},"modified":"2025-09-19T13:52:44","modified_gmt":"2025-09-19T20:52:44","slug":"core-boxes","status":"publish","type":"page","link":"https:\/\/corebox.com\/es\/core-boxes\/","title":{"rendered":"Cajas Para Muestras"},"content":{"rendered":"\n<div class=\"wp-block-group\"><div class=\"wp-block-group__inner-container\">\n<div class=\"wp-block-group\"><div class=\"wp-block-group__inner-container\">\n<div class=\"wp-block-columns\">\n<div class=\"wp-block-column\" style=\"flex-basis:33.33%\">\n<figure class=\"wp-block-image size-large\"><a href=\"https:\/\/corebox.com\/wp-content\/uploads\/2015\/12\/CoreBoxesSub2.png\"><img loading=\"lazy\" width=\"358\" height=\"350\" src=\"https:\/\/corebox.com\/wp-content\/uploads\/2015\/12\/CoreBoxesSub2.png\" alt=\"\" class=\"wp-image-16\" srcset=\"https:\/\/corebox.com\/wp-content\/uploads\/2015\/12\/CoreBoxesSub2.png 358w, https:\/\/corebox.com\/wp-content\/uploads\/2015\/12\/CoreBoxesSub2-300x293.png 300w, https:\/\/corebox.com\/wp-content\/uploads\/2015\/12\/CoreBoxesSub2-149x146.png 149w, https:\/\/corebox.com\/wp-content\/uploads\/2015\/12\/CoreBoxesSub2-50x50.png 50w, https:\/\/corebox.com\/wp-content\/uploads\/2015\/12\/CoreBoxesSub2-77x75.png 77w\" sizes=\"(max-width: 358px) 100vw, 358px\" \/><\/a><\/figure>\n\n\n\n<figure class=\"wp-block-image size-large\"><a href=\"https:\/\/corebox.com\/wp-content\/uploads\/2015\/12\/ContactSub.png\"><img loading=\"lazy\" width=\"358\" height=\"350\" src=\"https:\/\/corebox.com\/wp-content\/uploads\/2015\/12\/ContactSub.png\" alt=\"\" class=\"wp-image-40\" srcset=\"https:\/\/corebox.com\/wp-content\/uploads\/2015\/12\/ContactSub.png 358w, https:\/\/corebox.com\/wp-content\/uploads\/2015\/12\/ContactSub-300x293.png 300w, https:\/\/corebox.com\/wp-content\/uploads\/2015\/12\/ContactSub-149x146.png 149w, https:\/\/corebox.com\/wp-content\/uploads\/2015\/12\/ContactSub-50x50.png 50w, https:\/\/corebox.com\/wp-content\/uploads\/2015\/12\/ContactSub-77x75.png 77w\" sizes=\"(max-width: 358px) 100vw, 358px\" \/><\/a><\/figure>\n<\/div>\n\n\n\n<div class=\"wp-block-column\" style=\"flex-basis:66.66%\">\n<h1>Cajas Para Muestras<\/h1>\n\n\n\n<p>La Empresa Coeur Products invent\u00f3 la caja corrugada encerada. Nuestras cajas est\u00e1n especialmente dise\u00f1adas para env\u00edo, almacenaje eficiente, y facilidad de construcci\u00f3n. Nuestras cajas para muestras son duraderas , f\u00e1ciles de doblar, y funcionan tanto en condiciones frias como calientes. Como l\u00edderes en la tecnologia de la industria de cajas enceradas, fabricamos la caja para muestra m\u00e1s duradera en el mercado. Con cajas de muestras en inventario en Nevada, Idaho, Arizona y Hermasillo Mexico, Coeur Products est\u00e1 en buena posici\u00f3n para suplir sus necsidades con poco o nada de aviso por adelantado.<\/p>\n\n\n\n<p><em><strong>Tama\u00f1os disponibles<\/strong><\/em><br>BQ, NQ, HQ, PQ<\/p>\n\n\n\n<p>Tambien tenemos disponibles cajas para muestras de pl\u00e1stico y madera.<\/p>\n<\/div>\n<\/div>\n<\/div><\/div>\n<\/div><\/div>\n","protected":false},"excerpt":{"rendered":"","protected":false},"author":1,"featured_media":0,"parent":0,"menu_order":0,"comment_status":"closed","ping_status":"closed","template":"","meta":[],"translation":{"provider":"WPGlobus","version":"3.0.1","language":"es","enabled_languages":["en","es"],"languages":{"en":{"title":true,"content":true,"excerpt":false},"es":{"title":true,"content":true,"excerpt":false}}},"yoast_head":"<!-- This site is optimized with the Yoast SEO plugin v18.4.1 - https:\/\/yoast.com\/wordpress\/plugins\/seo\/ -->\n<title>Core Boxes | Drill Core Boxes | NQ Core Boxes | Coeur Products<\/title>\n<meta name=\"robots\" content=\"index, follow, max-snippet:-1, max-image-preview:large, max-video-preview:-1\" \/>\n<link rel=\"canonical\" href=\"https:\/\/corebox.com\/core-boxes\/\" \/>\n<meta property=\"og:locale\" content=\"es_ES\" \/>\n<meta property=\"og:type\" content=\"article\" \/>\n<meta property=\"og:title\" content=\"{:en}Core Boxes for Sale | Core Box | Wooden Core Boxes | Coeur Products |{:}{:es}Core Boxes | Drill Core Boxes | NQ Core Boxes | Coeur Products{:}\" \/>\n<meta property=\"og:url\" content=\"https:\/\/corebox.com\/core-boxes\/\" \/>\n<meta property=\"og:site_name\" content=\"Coeur Products\" \/>\n<meta property=\"article:modified_time\" content=\"2025-09-19T20:52:44+00:00\" \/>\n<meta property=\"og:image\" content=\"https:\/\/corebox.com\/wp-content\/uploads\/2015\/12\/CoreBoxesSub2.png\" \/>\n<meta name=\"twitter:card\" content=\"summary\" \/>\n<meta name=\"twitter:label1\" content=\"Est. reading time\" \/>\n\t<meta name=\"twitter:data1\" content=\"2 minutes\" \/>\n<script type=\"application\/ld+json\" class=\"yoast-schema-graph\">{\"@context\":\"https:\/\/schema.org\",\"@graph\":[{\"@type\":\"Organization\",\"@id\":\"https:\/\/corebox.com\/#organization\",\"name\":\"Coeur Products\",\"url\":\"https:\/\/corebox.com\/\",\"sameAs\":[],\"logo\":{\"@type\":\"ImageObject\",\"@id\":\"https:\/\/corebox.com\/#logo\",\"inLanguage\":\"es-ES\",\"url\":\"https:\/\/corebox.com\/wp-content\/uploads\/2016\/10\/coeur_products_logo.png\",\"contentUrl\":\"https:\/\/corebox.com\/wp-content\/uploads\/2016\/10\/coeur_products_logo.png\",\"width\":227,\"height\":65,\"caption\":\"Coeur Products\"},\"image\":{\"@id\":\"https:\/\/corebox.com\/#logo\"}},{\"@type\":\"WebSite\",\"@id\":\"https:\/\/corebox.com\/#website\",\"url\":\"https:\/\/corebox.com\/\",\"name\":\"Coeur Products\",\"description\":\"Beyond Surface\",\"publisher\":{\"@id\":\"https:\/\/corebox.com\/#organization\"},\"potentialAction\":[{\"@type\":\"SearchAction\",\"target\":{\"@type\":\"EntryPoint\",\"urlTemplate\":\"https:\/\/corebox.com\/?s={search_term_string}\"},\"query-input\":\"required name=search_term_string\"}],\"inLanguage\":\"es-ES\"},{\"@type\":\"ImageObject\",\"@id\":\"https:\/\/corebox.com\/core-boxes\/#primaryimage\",\"inLanguage\":\"es-ES\",\"url\":\"https:\/\/corebox.com\/wp-content\/uploads\/2015\/12\/CoreBoxesSub2.png\",\"contentUrl\":\"https:\/\/corebox.com\/wp-content\/uploads\/2015\/12\/CoreBoxesSub2.png\",\"width\":358,\"height\":350},{\"@type\":\"WebPage\",\"@id\":\"https:\/\/corebox.com\/core-boxes\/#webpage\",\"url\":\"https:\/\/corebox.com\/core-boxes\/\",\"name\":\"Core Boxes for Sale | Core Box | Wooden Core Boxes | Coeur Products |\",\"isPartOf\":{\"@id\":\"https:\/\/corebox.com\/#website\"},\"primaryImageOfPage\":{\"@id\":\"https:\/\/corebox.com\/core-boxes\/#primaryimage\"},\"datePublished\":\"2021-03-02T02:17:10+00:00\",\"dateModified\":\"2025-09-19T20:52:44+00:00\",\"description\":\"Coeur Products manufactures the strongest, most durable core box on the market. We invented the wax impregnated corrugated core box.\",\"breadcrumb\":{\"@id\":\"https:\/\/corebox.com\/core-boxes\/#breadcrumb\"},\"inLanguage\":\"es-ES\",\"potentialAction\":[{\"@type\":\"ReadAction\",\"target\":[\"https:\/\/corebox.com\/core-boxes\/\"]}]},{\"@type\":\"BreadcrumbList\",\"@id\":\"https:\/\/corebox.com\/core-boxes\/#breadcrumb\",\"itemListElement\":[{\"@type\":\"ListItem\",\"position\":1,\"name\":\"Home\",\"item\":\"https:\/\/corebox.com\/\"},{\"@type\":\"ListItem\",\"position\":2,\"name\":\"Core Boxes\"}]}]}<\/script>\n<!-- \/ Yoast SEO plugin. -->","yoast_head_json":{"title":"Core Boxes | Drill Core Boxes | NQ Core Boxes | Coeur Products","robots":{"index":"index","follow":"follow","max-snippet":"max-snippet:-1","max-image-preview":"max-image-preview:large","max-video-preview":"max-video-preview:-1"},"canonical":"https:\/\/corebox.com\/core-boxes\/","og_locale":"es_ES","og_type":"article","og_title":"{:en}Core Boxes for Sale | Core Box | Wooden Core Boxes | Coeur Products |{:}{:es}Core Boxes | Drill Core Boxes | NQ Core Boxes | Coeur Products{:}","og_url":"https:\/\/corebox.com\/core-boxes\/","og_site_name":"Coeur Products","article_modified_time":"2025-09-19T20:52:44+00:00","og_image":[{"url":"https:\/\/corebox.com\/wp-content\/uploads\/2015\/12\/CoreBoxesSub2.png"}],"twitter_card":"summary","twitter_misc":{"Est. reading time":"2 minutes"},"schema":{"@context":"https:\/\/schema.org","@graph":[{"@type":"Organization","@id":"https:\/\/corebox.com\/#organization","name":"Coeur Products","url":"https:\/\/corebox.com\/","sameAs":[],"logo":{"@type":"ImageObject","@id":"https:\/\/corebox.com\/#logo","inLanguage":"es-ES","url":"https:\/\/corebox.com\/wp-content\/uploads\/2016\/10\/coeur_products_logo.png","contentUrl":"https:\/\/corebox.com\/wp-content\/uploads\/2016\/10\/coeur_products_logo.png","width":227,"height":65,"caption":"Coeur Products"},"image":{"@id":"https:\/\/corebox.com\/#logo"}},{"@type":"WebSite","@id":"https:\/\/corebox.com\/#website","url":"https:\/\/corebox.com\/","name":"Coeur Products","description":"Beyond Surface","publisher":{"@id":"https:\/\/corebox.com\/#organization"},"potentialAction":[{"@type":"SearchAction","target":{"@type":"EntryPoint","urlTemplate":"https:\/\/corebox.com\/?s={search_term_string}"},"query-input":"required name=search_term_string"}],"inLanguage":"es-ES"},{"@type":"ImageObject","@id":"https:\/\/corebox.com\/core-boxes\/#primaryimage","inLanguage":"es-ES","url":"https:\/\/corebox.com\/wp-content\/uploads\/2015\/12\/CoreBoxesSub2.png","contentUrl":"https:\/\/corebox.com\/wp-content\/uploads\/2015\/12\/CoreBoxesSub2.png","width":358,"height":350},{"@type":"WebPage","@id":"https:\/\/corebox.com\/core-boxes\/#webpage","url":"https:\/\/corebox.com\/core-boxes\/","name":"Core Boxes for Sale | Core Box | Wooden Core Boxes | Coeur Products |","isPartOf":{"@id":"https:\/\/corebox.com\/#website"},"primaryImageOfPage":{"@id":"https:\/\/corebox.com\/core-boxes\/#primaryimage"},"datePublished":"2021-03-02T02:17:10+00:00","dateModified":"2025-09-19T20:52:44+00:00","description":"Coeur Products manufactures the strongest, most durable core box on the market. We invented the wax impregnated corrugated core box.","breadcrumb":{"@id":"https:\/\/corebox.com\/core-boxes\/#breadcrumb"},"inLanguage":"es-ES","potentialAction":[{"@type":"ReadAction","target":["https:\/\/corebox.com\/core-boxes\/"]}]},{"@type":"BreadcrumbList","@id":"https:\/\/corebox.com\/core-boxes\/#breadcrumb","itemListElement":[{"@type":"ListItem","position":1,"name":"Home","item":"https:\/\/corebox.com\/"},{"@type":"ListItem","position":2,"name":"Core Boxes"}]}]}},"_links":{"self":[{"href":"https:\/\/corebox.com\/es\/wp-json\/wp\/v2\/pages\/192"}],"collection":[{"href":"https:\/\/corebox.com\/es\/wp-json\/wp\/v2\/pages"}],"about":[{"href":"https:\/\/corebox.com\/es\/wp-json\/wp\/v2\/types\/page"}],"author":[{"embeddable":true,"href":"https:\/\/corebox.com\/es\/wp-json\/wp\/v2\/users\/1"}],"replies":[{"embeddable":true,"href":"https:\/\/corebox.com\/es\/wp-json\/wp\/v2\/comments?post=192"}],"version-history":[{"count":15,"href":"https:\/\/corebox.com\/es\/wp-json\/wp\/v2\/pages\/192\/revisions"}],"predecessor-version":[{"id":287,"href":"https:\/\/corebox.com\/es\/wp-json\/wp\/v2\/pages\/192\/revisions\/287"}],"wp:attachment":[{"href":"https:\/\/corebox.com\/es\/wp-json\/wp\/v2\/media?parent=192"}],"curies":[{"name":"wp","href":"https:\/\/api.w.org\/{rel}","templated":true}]}}